{"id":30,"date":"2017-06-27T13:18:37","date_gmt":"2017-06-27T13:18:37","guid":{"rendered":"http:\/\/businesslounge-demo.rtthemes.com\/?page_id=30"},"modified":"2021-10-18T13:09:01","modified_gmt":"2021-10-18T12:09:01","slug":"blog-right-sidebar","status":"publish","type":"page","link":"https:\/\/www.sintese.co.ao\/?page_id=30","title":{"rendered":"Blog"},"content":{"rendered":"<p>[vc_row rt_row_background_width=&#8221;fullwidth&#8221; rt_row_content_width=&#8221;default&#8221; rt_row_style=&#8221;default-style&#8221; rt_row_height=&#8221;&#8221; rt_column_gaps=&#8221;&#8221; rt_row_shadows=&#8221;&#8221; rt_row_borders=&#8221;&#8221; rt_bg_effect=&#8221;parallax&#8221; rt_bg_image_repeat=&#8221;repeat&#8221; rt_bg_size=&#8221;cover&#8221; rt_bg_position=&#8221;right top&#8221; rt_bg_layer=&#8221;&#8221; rt_bg_video_format=&#8221;self-hosted&#8221; rt_class=&#8221;rt-8017575&#8243; rt_vc_seperator_1=&#8221;&#8221; rt_paddings=&#8221;,,,&#8221; rt_margins=&#8221;,,,&#8221; rt_content_margins=&#8221;,,,&#8221; rt_vc_seperator_2=&#8221;&#8221; rt_tablet_paddings=&#8221;,,,&#8221; rt_tablet_margins=&#8221;,,,&#8221; rt_tablet_content_margins=&#8221;,,,&#8221; rt_vc_seperator_3=&#8221;&#8221; rt_sp_paddings=&#8221;,,,&#8221; rt_sp_margins=&#8221;,,,&#8221; rt_sp_content_margins=&#8221;,,,&#8221;][vc_column rt_bg_effect=&#8221;classic&#8221; rt_bg_image_repeat=&#8221;repeat&#8221; rt_bg_size=&#8221;auto auto&#8221; rt_bg_position=&#8221;right top&#8221; rt_bg_attachment=&#8221;scroll&#8221; rt_class=&#8221;rt-2515293&#8243; rt_margins=&#8221;,&#8221; rt_paddings=&#8221;,,0,0&#8243; rt_wrapper_paddings=&#8221;,,,&#8221; rt_tablet_margins=&#8221;,&#8221; rt_tablet_paddings=&#8221;,,,&#8221; rt_tablet_wrapper_paddings=&#8221;,,,&#8221; rt_sp_margins=&#8221;,&#8221; rt_sp_paddings=&#8221;,,,&#8221; rt_sp_wrapper_paddings=&#8221;,,,&#8221; rt_bg_color=&#8221;&#8221; rt_bg_overlay_color=&#8221;&#8221;]\n<div id=\"blog-dynamicID-253198\" class=\"blog_list clearfix row\" data-column-width=\"1\">\n<article id=\"22\" class=\"col col-sm-12 post-22 post type-post status-publish format-gallery hentry category-destaque tag-mundo tag-noticias tag-promocao post_format-post-format-gallery\"><div class=\"post-content-wrapper\">\n \n\n\n\n<!-- blog box-->\n\n\t\n\t \n\n\t<a href=\"https:\/\/www.sintese.co.ao\/?p=22\" title=\"31 DE MAR\u00c7O &#8211; DIA INTERNACIONAL DO BACKUP\" class=\"post-date\">29 de Maio, 2023<\/a>\n\t\t<!-- meta data -->\n\t\t<div class=\"post_data\">\n\n\t\t\t\n\t\t\t\t\t\t<!-- user -->                                     \n\t\t\t<span class=\"user\">\n\t\t\tby  <a href=\"https:\/\/www.sintese.co.ao\/?author=1\" title=\"Artigos de Jmualumene\" rel=\"author\">Jmualumene<\/a>\t\t\t\t\n\t\t\t<\/span>\n\n\t\t\t\t\t\t\t\n\t\t\t\t\t\t<!-- categories -->\n\t\t\t<span class=\"categories\">\n\t\t\tin <a href=\"https:\/\/www.sintese.co.ao\/?cat=9\" rel=\"category\">Destaque<\/a>\t\t\t\t\n\t\t\t<\/span>\n\t\t\t\n\t\t\t\n\t\t\t\t\t\t<!-- comments --> \n\t\t\t<span class=\"comment_link\"><a href=\"https:\/\/www.sintese.co.ao\/?p=22#respond\" title=\"0 Comment\" class=\"comment_link\">0 Comment<\/a><\/span>\n\t\t\t\t\t\t\n\t\t<\/div><!-- \/ end div  .post_data -->\n\t\t\t\t\t\n\n\t<div class=\"entry-content text\">\n\n\t\t<!-- blog headline-->\n\t\t<h4 class=\"entry-title\"><a href=\"https:\/\/www.sintese.co.ao\/?p=22\" rel=\"bookmark\">31 DE MAR\u00c7O &#8211; DIA INTERNACIONAL DO BACKUP<\/a><\/h4> \n\n\t\t\n\t\t<p>O backup existe para auxiliar na preven\u00e7\u00e3o de perda de dados, como arquivos apagados acidentalmente por falha f\u00edsica ou humana. Isso garante a integridade dos dados, de configura\u00e7\u00f5es, bancos de dados e arquivos de usu\u00e1rios.<\/p>\n\t<\/div> \n\n\t<div class=\"entry-footer\">\n\n\t\t<a href=\"https:\/\/www.sintese.co.ao\/?p=22\" class=\"read_more\">Continue reading<\/a><div class=\"social_share\"><span class=\"ui-icon-line-share\"><span>SHARE<\/span><\/span><ul><li class=\"mail\"><a class=\"ui-icon-mail \" href=\"mailto:?body=https%3A%2F%2Fwww.sintese.co.ao%2F%3Fp%3D22\" title=\"Email\"><span>Email<\/span><\/a><\/li><li class=\"twitter\"><a class=\"ui-icon-twitter \" href=\"#\" data-url=\"http:\/\/twitter.com\/intent\/tweet?text=31+DE+MAR%C3%87O+%26%238211%3B+DIA+INTERNACIONAL+DO+BACKUP+https%3A%2F%2Fwww.sintese.co.ao%2F%3Fp%3D22\" title=\"Twitter\"><span>Twitter<\/span><\/a><\/li><li class=\"facebook\"><a class=\"ui-icon-facebook \" href=\"#\" data-url=\"http:\/\/www.facebook.com\/sharer\/sharer.php?u=https%3A%2F%2Fwww.sintese.co.ao%2F%3Fp%3D22&amp;title=31+DE+MAR%C3%87O+%26%238211%3B+DIA+INTERNACIONAL+DO+BACKUP\" title=\"Facebook\"><span>Facebook<\/span><\/a><\/li><li class=\"gplus\"><a class=\"ui-icon-gplus \" href=\"#\" data-url=\"https:\/\/plus.google.com\/share?url=https%3A%2F%2Fwww.sintese.co.ao%2F%3Fp%3D22\" title=\"Google +\"><span>Google +<\/span><\/a><\/li><li class=\"pinterest\"><a class=\"ui-icon-pinterest \" href=\"#\" data-url=\"http:\/\/pinterest.com\/pin\/create\/bookmarklet\/?media=&amp;url=https%3A%2F%2Fwww.sintese.co.ao%2F%3Fp%3D22&amp;is_video=false&amp;description=31+DE+MAR%C3%87O+%26%238211%3B+DIA+INTERNACIONAL+DO+BACKUP\" title=\"Pinterest\"><span>Pinterest<\/span><\/a><\/li><li class=\"tumblr\"><a class=\"ui-icon-tumblr \" href=\"#\" data-url=\"http:\/\/tumblr.com\/share?url=https%3A%2F%2Fwww.sintese.co.ao%2F%3Fp%3D22&amp;title=31+DE+MAR%C3%87O+%26%238211%3B+DIA+INTERNACIONAL+DO+BACKUP\" title=\"Tumblr\"><span>Tumblr<\/span><\/a><\/li><li class=\"linkedin\"><a class=\"ui-icon-linkedin \" href=\"#\" data-url=\"http:\/\/www.linkedin.com\/shareArticle?mini=true&amp;url=https%3A%2F%2Fwww.sintese.co.ao%2F%3Fp%3D22&amp;title=31+DE+MAR%C3%87O+%26%238211%3B+DIA+INTERNACIONAL+DO+BACKUP&amp;source=\" title=\"Linkedin\"><span>Linkedin<\/span><\/a><\/li><li class=\"vkontakte\"><a class=\"ui-icon-vkontakte \" href=\"#\" data-url=\"http:\/\/vkontakte.ru\/share.php?url=https%3A%2F%2Fwww.sintese.co.ao%2F%3Fp%3D22\" title=\"Vkontakte\"><span>Vkontakte<\/span><\/a><\/li><li class=\"whatsapp\"><a class=\"ui-icon-whatsapp \" href=\"#\" data-url=\"whatsapp:\/\/send?text=https%3A%2F%2Fwww.sintese.co.ao%2F%3Fp%3D22\" title=\"WhatsApp\"><span>WhatsApp<\/span><\/a><\/li><\/ul><\/div>\n\t<\/div>\n\n<!-- \/ blog box--><\/div><\/article>\n<article id=\"23\" class=\"col col-sm-12 post-23 post type-post status-publish format-gallery hentry category-novidades tag-mundo tag-noticias tag-promocao post_format-post-format-gallery\"><div class=\"post-content-wrapper\">\n \n\n\n\n<!-- blog box-->\n\n\t\n\t \n\n\t<a href=\"https:\/\/www.sintese.co.ao\/?p=23\" title=\"17 DE MAIO | DIA MUNDIAL DA INTERNET\" class=\"post-date\">29 de Maio, 2023<\/a>\n\t\t<!-- meta data -->\n\t\t<div class=\"post_data\">\n\n\t\t\t\n\t\t\t\t\t\t<!-- user -->                                     \n\t\t\t<span class=\"user\">\n\t\t\tby  <a href=\"https:\/\/www.sintese.co.ao\/?author=1\" title=\"Artigos de Jmualumene\" rel=\"author\">Jmualumene<\/a>\t\t\t\t\n\t\t\t<\/span>\n\n\t\t\t\t\t\t\t\n\t\t\t\t\t\t<!-- categories -->\n\t\t\t<span class=\"categories\">\n\t\t\tin <a href=\"https:\/\/www.sintese.co.ao\/?cat=8\" rel=\"category\">Novidades<\/a>\t\t\t\t\n\t\t\t<\/span>\n\t\t\t\n\t\t\t\n\t\t\t\t\t\t<!-- comments --> \n\t\t\t<span class=\"comment_link\"><a href=\"https:\/\/www.sintese.co.ao\/?p=23#respond\" title=\"0 Comment\" class=\"comment_link\">0 Comment<\/a><\/span>\n\t\t\t\t\t\t\n\t\t<\/div><!-- \/ end div  .post_data -->\n\t\t\t\t\t\n\n\t<div class=\"entry-content text\">\n\n\t\t<!-- blog headline-->\n\t\t<h4 class=\"entry-title\"><a href=\"https:\/\/www.sintese.co.ao\/?p=23\" rel=\"bookmark\">17 DE MAIO | DIA MUNDIAL DA INTERNET<\/a><\/h4> \n\n\t\t\n\t\t<p>A data foi estabelecida pela Organiza\u00e7\u00e3o das Na\u00e7\u00f5es Unidas (ONU) em janeiro de 2006 e \u00e9 tamb\u00e9m conhecida como Dia Mundial das Telecomunica\u00e7\u00f5es e da Sociedade de Informa\u00e7\u00e3o. A internet revolucionou a nossa forma de comunicar. \u00c9 hoje essencial nos trabalhos e considerada por muitos uma das melhores inven\u00e7\u00f5es de sempre. E tu, para que [&hellip;]<\/p>\n\t<\/div> \n\n\t<div class=\"entry-footer\">\n\n\t\t<a href=\"https:\/\/www.sintese.co.ao\/?p=23\" class=\"read_more\">Continue reading<\/a><div class=\"social_share\"><span class=\"ui-icon-line-share\"><span>SHARE<\/span><\/span><ul><li class=\"mail\"><a class=\"ui-icon-mail \" href=\"mailto:?body=https%3A%2F%2Fwww.sintese.co.ao%2F%3Fp%3D23\" title=\"Email\"><span>Email<\/span><\/a><\/li><li class=\"twitter\"><a class=\"ui-icon-twitter \" href=\"#\" data-url=\"http:\/\/twitter.com\/intent\/tweet?text=17+DE+MAIO+%7C+DIA+MUNDIAL+DA+INTERNET+https%3A%2F%2Fwww.sintese.co.ao%2F%3Fp%3D23\" title=\"Twitter\"><span>Twitter<\/span><\/a><\/li><li class=\"facebook\"><a class=\"ui-icon-facebook \" href=\"#\" data-url=\"http:\/\/www.facebook.com\/sharer\/sharer.php?u=https%3A%2F%2Fwww.sintese.co.ao%2F%3Fp%3D23&amp;title=17+DE+MAIO+%7C+DIA+MUNDIAL+DA+INTERNET\" title=\"Facebook\"><span>Facebook<\/span><\/a><\/li><li class=\"gplus\"><a class=\"ui-icon-gplus \" href=\"#\" data-url=\"https:\/\/plus.google.com\/share?url=https%3A%2F%2Fwww.sintese.co.ao%2F%3Fp%3D23\" title=\"Google +\"><span>Google +<\/span><\/a><\/li><li class=\"pinterest\"><a class=\"ui-icon-pinterest \" href=\"#\" data-url=\"http:\/\/pinterest.com\/pin\/create\/bookmarklet\/?media=&amp;url=https%3A%2F%2Fwww.sintese.co.ao%2F%3Fp%3D23&amp;is_video=false&amp;description=17+DE+MAIO+%7C+DIA+MUNDIAL+DA+INTERNET\" title=\"Pinterest\"><span>Pinterest<\/span><\/a><\/li><li class=\"tumblr\"><a class=\"ui-icon-tumblr \" href=\"#\" data-url=\"http:\/\/tumblr.com\/share?url=https%3A%2F%2Fwww.sintese.co.ao%2F%3Fp%3D23&amp;title=17+DE+MAIO+%7C+DIA+MUNDIAL+DA+INTERNET\" title=\"Tumblr\"><span>Tumblr<\/span><\/a><\/li><li class=\"linkedin\"><a class=\"ui-icon-linkedin \" href=\"#\" data-url=\"http:\/\/www.linkedin.com\/shareArticle?mini=true&amp;url=https%3A%2F%2Fwww.sintese.co.ao%2F%3Fp%3D23&amp;title=17+DE+MAIO+%7C+DIA+MUNDIAL+DA+INTERNET&amp;source=\" title=\"Linkedin\"><span>Linkedin<\/span><\/a><\/li><li class=\"vkontakte\"><a class=\"ui-icon-vkontakte \" href=\"#\" data-url=\"http:\/\/vkontakte.ru\/share.php?url=https%3A%2F%2Fwww.sintese.co.ao%2F%3Fp%3D23\" title=\"Vkontakte\"><span>Vkontakte<\/span><\/a><\/li><li class=\"whatsapp\"><a class=\"ui-icon-whatsapp \" href=\"#\" data-url=\"whatsapp:\/\/send?text=https%3A%2F%2Fwww.sintese.co.ao%2F%3Fp%3D23\" title=\"WhatsApp\"><span>WhatsApp<\/span><\/a><\/li><\/ul><\/div>\n\t<\/div>\n\n<!-- \/ blog box--><\/div><\/article>\n<article id=\"24\" class=\"col col-sm-12 post-24 post type-post status-publish format-standard hentry category-destaque tag-mundo tag-noticias tag-promocao\"><div class=\"post-content-wrapper\">\n \n\n<!-- blog box-->\n\t\t\n\t<a href=\"https:\/\/www.sintese.co.ao\/?p=24\" title=\"ESPECIAL DIA DA \u00c1FRICA\" class=\"post-date\">29 de Maio, 2023<\/a>\n\t\t<!-- meta data -->\n\t\t<div class=\"post_data\">\n\n\t\t\t\n\t\t\t\t\t\t<!-- user -->                                     \n\t\t\t<span class=\"user\">\n\t\t\tby  <a href=\"https:\/\/www.sintese.co.ao\/?author=1\" title=\"Artigos de Jmualumene\" rel=\"author\">Jmualumene<\/a>\t\t\t\t\n\t\t\t<\/span>\n\n\t\t\t\t\t\t\t\n\t\t\t\t\t\t<!-- categories -->\n\t\t\t<span class=\"categories\">\n\t\t\tin <a href=\"https:\/\/www.sintese.co.ao\/?cat=9\" rel=\"category\">Destaque<\/a>\t\t\t\t\n\t\t\t<\/span>\n\t\t\t\n\t\t\t\n\t\t\t\t\t\t<!-- comments --> \n\t\t\t<span class=\"comment_link\"><a href=\"https:\/\/www.sintese.co.ao\/?p=24#respond\" title=\"0 Comment\" class=\"comment_link\">0 Comment<\/a><\/span>\n\t\t\t\t\t\t\n\t\t<\/div><!-- \/ end div  .post_data -->\n\t\t\t\t\t\n\n\t<div class=\"entry-content text\">\n\n\t\t<!-- blog headline-->\n\t\t<h4 class=\"entry-title\"><a href=\"https:\/\/www.sintese.co.ao\/?p=24\" rel=\"bookmark\">ESPECIAL DIA DA \u00c1FRICA<\/a><\/h4> \n\n\t\t\n\t\t<p>DIA DA \u00c1FRICA Em 1972, a Organiza\u00e7\u00e3o das Na\u00e7\u00f5es Unidas (ONU) estabeleceu o dia 25 de maio como o Dia da \u00c1frica ou o Dia da Liberta\u00e7\u00e3o da \u00c1frica.<\/p>\n\t<\/div> \n\n\t<div class=\"entry-footer\">\n\n\t\t<a href=\"https:\/\/www.sintese.co.ao\/?p=24\" class=\"read_more\">Continue reading<\/a><div class=\"social_share\"><span class=\"ui-icon-line-share\"><span>SHARE<\/span><\/span><ul><li class=\"mail\"><a class=\"ui-icon-mail \" href=\"mailto:?body=https%3A%2F%2Fwww.sintese.co.ao%2F%3Fp%3D24\" title=\"Email\"><span>Email<\/span><\/a><\/li><li class=\"twitter\"><a class=\"ui-icon-twitter \" href=\"#\" data-url=\"http:\/\/twitter.com\/intent\/tweet?text=ESPECIAL+DIA+DA+%C3%81FRICA+https%3A%2F%2Fwww.sintese.co.ao%2F%3Fp%3D24\" title=\"Twitter\"><span>Twitter<\/span><\/a><\/li><li class=\"facebook\"><a class=\"ui-icon-facebook \" href=\"#\" data-url=\"http:\/\/www.facebook.com\/sharer\/sharer.php?u=https%3A%2F%2Fwww.sintese.co.ao%2F%3Fp%3D24&amp;title=ESPECIAL+DIA+DA+%C3%81FRICA\" title=\"Facebook\"><span>Facebook<\/span><\/a><\/li><li class=\"gplus\"><a class=\"ui-icon-gplus \" href=\"#\" data-url=\"https:\/\/plus.google.com\/share?url=https%3A%2F%2Fwww.sintese.co.ao%2F%3Fp%3D24\" title=\"Google +\"><span>Google +<\/span><\/a><\/li><li class=\"pinterest\"><a class=\"ui-icon-pinterest \" href=\"#\" data-url=\"http:\/\/pinterest.com\/pin\/create\/bookmarklet\/?media=&amp;url=https%3A%2F%2Fwww.sintese.co.ao%2F%3Fp%3D24&amp;is_video=false&amp;description=ESPECIAL+DIA+DA+%C3%81FRICA\" title=\"Pinterest\"><span>Pinterest<\/span><\/a><\/li><li class=\"tumblr\"><a class=\"ui-icon-tumblr \" href=\"#\" data-url=\"http:\/\/tumblr.com\/share?url=https%3A%2F%2Fwww.sintese.co.ao%2F%3Fp%3D24&amp;title=ESPECIAL+DIA+DA+%C3%81FRICA\" title=\"Tumblr\"><span>Tumblr<\/span><\/a><\/li><li class=\"linkedin\"><a class=\"ui-icon-linkedin \" href=\"#\" data-url=\"http:\/\/www.linkedin.com\/shareArticle?mini=true&amp;url=https%3A%2F%2Fwww.sintese.co.ao%2F%3Fp%3D24&amp;title=ESPECIAL+DIA+DA+%C3%81FRICA&amp;source=\" title=\"Linkedin\"><span>Linkedin<\/span><\/a><\/li><li class=\"vkontakte\"><a class=\"ui-icon-vkontakte \" href=\"#\" data-url=\"http:\/\/vkontakte.ru\/share.php?url=https%3A%2F%2Fwww.sintese.co.ao%2F%3Fp%3D24\" title=\"Vkontakte\"><span>Vkontakte<\/span><\/a><\/li><li class=\"whatsapp\"><a class=\"ui-icon-whatsapp \" href=\"#\" data-url=\"whatsapp:\/\/send?text=https%3A%2F%2Fwww.sintese.co.ao%2F%3Fp%3D24\" title=\"WhatsApp\"><span>WhatsApp<\/span><\/a><\/li><\/ul><\/div>\n\t<\/div>\n\n<!-- \/ blog box-->\n<\/div><\/article>\n<article id=\"1\" class=\"col col-sm-12 post-1 post type-post status-publish format-standard has-post-thumbnail hentry category-marcas\"><div class=\"post-content-wrapper\">\n \n\n<!-- blog box-->\n\t\t\t\t<figure class=\"featured_image featured_media\">\n\t\t\t<a href=\"https:\/\/www.sintese.co.ao\/?p=1\" title=\"A SINTESE Participou na 6\u00ba edi\u00e7\u00e3o da Feira de Emprego\" class=\"imgeffect link featured_image\"><img loading=\"lazy\" decoding=\"async\" src=\"https:\/\/www.sintese.co.ao\/wp-content\/uploads\/2023\/05\/349928522_1022919228695489_493888880682734889_n-480x480.jpg\" alt=\"\" class=\"\" width=\"480\" height=\"480\" \/><\/a>\t\t\n\t\t<\/figure> \n\t\t\n\t<a href=\"https:\/\/www.sintese.co.ao\/?p=1\" title=\"A SINTESE Participou na 6\u00ba edi\u00e7\u00e3o da Feira de Emprego\" class=\"post-date\">29 de Maio, 2023<\/a>\n\t\t<!-- meta data -->\n\t\t<div class=\"post_data\">\n\n\t\t\t\n\t\t\t\t\t\t<!-- user -->                                     \n\t\t\t<span class=\"user\">\n\t\t\tby  <a href=\"https:\/\/www.sintese.co.ao\/?author=1\" title=\"Artigos de Jmualumene\" rel=\"author\">Jmualumene<\/a>\t\t\t\t\n\t\t\t<\/span>\n\n\t\t\t\t\t\t\t\n\t\t\t\t\t\t<!-- categories -->\n\t\t\t<span class=\"categories\">\n\t\t\tin <a href=\"https:\/\/www.sintese.co.ao\/?cat=1\" rel=\"category\">Marcas<\/a>\t\t\t\t\n\t\t\t<\/span>\n\t\t\t\n\t\t\t\n\t\t\t\t\t\t<!-- comments --> \n\t\t\t<span class=\"comment_link\"><a href=\"https:\/\/www.sintese.co.ao\/?p=1#comments\" title=\"1 Comment\" class=\"comment_link\">1 Comment<\/a><\/span>\n\t\t\t\t\t\t\n\t\t<\/div><!-- \/ end div  .post_data -->\n\t\t\t\t\t\n\n\t<div class=\"entry-content text\">\n\n\t\t<!-- blog headline-->\n\t\t<h4 class=\"entry-title\"><a href=\"https:\/\/www.sintese.co.ao\/?p=1\" rel=\"bookmark\">A SINTESE Participou na 6\u00ba edi\u00e7\u00e3o da Feira de Emprego<\/a><\/h4> \n\n\t\t\n\t\t<p>Participou na 6\u00ba edi\u00e7\u00e3o da Feira de Emprego, realizada pela ULA ( Universidade Lus\u00edada de Angola). #sinteseassist\u00eanciat\u00e9cnica#feiradoempregoula<\/p>\n\t<\/div> \n\n\t<div class=\"entry-footer\">\n\n\t\t<a href=\"https:\/\/www.sintese.co.ao\/?p=1\" class=\"read_more\">Continue reading<\/a><div class=\"social_share\"><span class=\"ui-icon-line-share\"><span>SHARE<\/span><\/span><ul><li class=\"mail\"><a class=\"ui-icon-mail \" href=\"mailto:?body=https%3A%2F%2Fwww.sintese.co.ao%2F%3Fp%3D1\" title=\"Email\"><span>Email<\/span><\/a><\/li><li class=\"twitter\"><a class=\"ui-icon-twitter \" href=\"#\" data-url=\"http:\/\/twitter.com\/intent\/tweet?text=A+SINTESE+Participou+na+6%C2%BA+edi%C3%A7%C3%A3o+da+Feira+de+Emprego+https%3A%2F%2Fwww.sintese.co.ao%2F%3Fp%3D1\" title=\"Twitter\"><span>Twitter<\/span><\/a><\/li><li class=\"facebook\"><a class=\"ui-icon-facebook \" href=\"#\" data-url=\"http:\/\/www.facebook.com\/sharer\/sharer.php?u=https%3A%2F%2Fwww.sintese.co.ao%2F%3Fp%3D1&amp;title=A+SINTESE+Participou+na+6%C2%BA+edi%C3%A7%C3%A3o+da+Feira+de+Emprego\" title=\"Facebook\"><span>Facebook<\/span><\/a><\/li><li class=\"gplus\"><a class=\"ui-icon-gplus \" href=\"#\" data-url=\"https:\/\/plus.google.com\/share?url=https%3A%2F%2Fwww.sintese.co.ao%2F%3Fp%3D1\" title=\"Google +\"><span>Google +<\/span><\/a><\/li><li class=\"pinterest\"><a class=\"ui-icon-pinterest \" href=\"#\" data-url=\"http:\/\/pinterest.com\/pin\/create\/bookmarklet\/?media=https%3A%2F%2Fwww.sintese.co.ao%2Fwp-content%2Fuploads%2F2023%2F05%2F349928522_1022919228695489_493888880682734889_n.jpg&amp;url=https%3A%2F%2Fwww.sintese.co.ao%2F%3Fp%3D1&amp;is_video=false&amp;description=A+SINTESE+Participou+na+6%C2%BA+edi%C3%A7%C3%A3o+da+Feira+de+Emprego\" title=\"Pinterest\"><span>Pinterest<\/span><\/a><\/li><li class=\"tumblr\"><a class=\"ui-icon-tumblr \" href=\"#\" data-url=\"http:\/\/tumblr.com\/share?url=https%3A%2F%2Fwww.sintese.co.ao%2F%3Fp%3D1&amp;title=A+SINTESE+Participou+na+6%C2%BA+edi%C3%A7%C3%A3o+da+Feira+de+Emprego\" title=\"Tumblr\"><span>Tumblr<\/span><\/a><\/li><li class=\"linkedin\"><a class=\"ui-icon-linkedin \" href=\"#\" data-url=\"http:\/\/www.linkedin.com\/shareArticle?mini=true&amp;url=https%3A%2F%2Fwww.sintese.co.ao%2F%3Fp%3D1&amp;title=A+SINTESE+Participou+na+6%C2%BA+edi%C3%A7%C3%A3o+da+Feira+de+Emprego&amp;source=\" title=\"Linkedin\"><span>Linkedin<\/span><\/a><\/li><li class=\"vkontakte\"><a class=\"ui-icon-vkontakte \" href=\"#\" data-url=\"http:\/\/vkontakte.ru\/share.php?url=https%3A%2F%2Fwww.sintese.co.ao%2F%3Fp%3D1\" title=\"Vkontakte\"><span>Vkontakte<\/span><\/a><\/li><li class=\"whatsapp\"><a class=\"ui-icon-whatsapp \" href=\"#\" data-url=\"whatsapp:\/\/send?text=https%3A%2F%2Fwww.sintese.co.ao%2F%3Fp%3D1\" title=\"WhatsApp\"><span>WhatsApp<\/span><\/a><\/li><\/ul><\/div>\n\t<\/div>\n\n<!-- \/ blog box-->\n<\/div><\/article>\n<\/div>\n[\/vc_column][\/vc_row]<\/p>\n","protected":false},"excerpt":{"rendered":"<p>[vc_row rt_row_background_width=&#8221;fullwidth&#8221; rt_row_content_width=&#8221;default&#8221; rt_row_style=&#8221;default-style&#8221; rt_row_height=&#8221;&#8221; rt_column_gaps=&#8221;&#8221; rt_row_shadows=&#8221;&#8221; rt_row_borders=&#8221;&#8221; rt_bg_effect=&#8221;parallax&#8221; rt_bg_image_repeat=&#8221;repeat&#8221; rt_bg_size=&#8221;cover&#8221; rt_bg_position=&#8221;right top&#8221; rt_bg_layer=&#8221;&#8221; rt_bg_video_format=&#8221;self-hosted&#8221; rt_class=&#8221;rt-8017575&#8243; rt_vc_seperator_1=&#8221;&#8221; rt_paddings=&#8221;,,,&#8221; rt_margins=&#8221;,,,&#8221; rt_content_margins=&#8221;,,,&#8221; rt_vc_seperator_2=&#8221;&#8221; rt_tablet_paddings=&#8221;,,,&#8221; rt_tablet_margins=&#8221;,,,&#8221; rt_tablet_content_margins=&#8221;,,,&#8221; rt_vc_seperator_3=&#8221;&#8221; rt_sp_paddings=&#8221;,,,&#8221; rt_sp_margins=&#8221;,,,&#8221; rt_sp_content_margins=&#8221;,,,&#8221;][vc_column rt_bg_effect=&#8221;classic&#8221; rt_bg_image_repeat=&#8221;repeat&#8221; rt_bg_size=&#8221;auto auto&#8221; rt_bg_position=&#8221;right top&#8221; rt_bg_attachment=&#8221;scroll&#8221; rt_class=&#8221;rt-2515293&#8243; rt_margins=&#8221;,&#8221; rt_paddings=&#8221;,,0,0&#8243; rt_wrapper_paddings=&#8221;,,,&#8221; rt_tablet_margins=&#8221;,&#8221; rt_tablet_paddings=&#8221;,,,&#8221; rt_tablet_wrapper_paddings=&#8221;,,,&#8221; rt_sp_margins=&#8221;,&#8221; rt_sp_paddings=&#8221;,,,&#8221; rt_sp_wrapper_paddings=&#8221;,,,&#8221; rt_bg_color=&#8221;&#8221; rt_bg_overlay_color=&#8221;&#8221;][\/vc_column][\/vc_row]<\/p>\n","protected":false},"author":1,"featured_media":0,"parent":0,"menu_order":0,"comment_status":"closed","ping_status":"closed","template":"","meta":{"footnotes":""},"class_list":["post-30","page","type-page","status-publish","hentry"],"_links":{"self":[{"href":"https:\/\/www.sintese.co.ao\/index.php?rest_route=\/wp\/v2\/pages\/30","targetHints":{"allow":["GET"]}}],"collection":[{"href":"https:\/\/www.sintese.co.ao\/index.php?rest_route=\/wp\/v2\/pages"}],"about":[{"href":"https:\/\/www.sintese.co.ao\/index.php?rest_route=\/wp\/v2\/types\/page"}],"author":[{"embeddable":true,"href":"https:\/\/www.sintese.co.ao\/index.php?rest_route=\/wp\/v2\/users\/1"}],"replies":[{"embeddable":true,"href":"https:\/\/www.sintese.co.ao\/index.php?rest_route=%2Fwp%2Fv2%2Fcomments&post=30"}],"version-history":[{"count":4,"href":"https:\/\/www.sintese.co.ao\/index.php?rest_route=\/wp\/v2\/pages\/30\/revisions"}],"predecessor-version":[{"id":4951,"href":"https:\/\/www.sintese.co.ao\/index.php?rest_route=\/wp\/v2\/pages\/30\/revisions\/4951"}],"wp:attachment":[{"href":"https:\/\/www.sintese.co.ao\/index.php?rest_route=%2Fwp%2Fv2%2Fmedia&parent=30"}],"curies":[{"name":"wp","href":"https:\/\/api.w.org\/{rel}","templated":true}]}}